{"id":18,"date":"2021-04-01T10:06:25","date_gmt":"2021-04-01T10:06:25","guid":{"rendered":"http:\/\/gescanet.es\/web\/?page_id=18"},"modified":"2026-02-01T20:21:19","modified_gmt":"2026-02-01T19:21:19","slug":"servicios","status":"publish","type":"page","link":"https:\/\/gescanet.es\/web\/servicios\/","title":{"rendered":"Servicios y Actuaciones"},"content":{"rendered":"\n<hr class=\"wp-block-separator has-alpha-channel-opacity\"\/>\n\n\n\n<div class=\"wp-block-columns is-layout-flex wp-container-core-columns-is-layout-9d6595d7 wp-block-columns-is-layout-flex\">\n<div class=\"wp-block-column is-layout-flow wp-block-column-is-layout-flow\"><div class=\"wp-block-image wp-duotone-midnight\">\n<figure class=\"aligncenter is-resized\"><img decoding=\"async\" src=\"\/web\/wp-content\/uploads\/Jardineria.jpg\" alt=\"\" style=\"width:200px;height:auto\"\/><\/figure>\n<\/div>\n\n\n<p><strong><em>JARDINER\u00cdA<\/em><\/strong><\/p>\n\n\n\n<p>Mantenemos los jardines de Canet D\u00b4en Berenguer, para que disfrutemos de unos hermosos parques y jardines cuidados con esmero por un grupo de profesionales altamente cualificados.<\/p>\n<\/div>\n\n\n\n<div class=\"wp-block-column is-layout-flow wp-block-column-is-layout-flow\"><div class=\"wp-block-image wp-duotone-midnight\">\n<figure class=\"aligncenter\"><img decoding=\"async\" src=\"\/web\/wp-content\/uploads\/Limpieza-vias.jpg\" alt=\"\"\/><\/figure>\n<\/div>\n\n\n<p><strong><em>LIMPIEZA VIARIA<\/em><\/strong><\/p>\n\n\n\n<p>Trabajamos muy duro para ser un referente y que as\u00ed nuestra ciudad siempre est\u00e9 en perfectas condiciones.<\/p>\n<\/div>\n<\/div>\n\n\n\n<hr class=\"wp-block-separator has-alpha-channel-opacity\"\/>\n\n\n\n<div class=\"wp-block-columns is-layout-flex wp-container-core-columns-is-layout-9d6595d7 wp-block-columns-is-layout-flex\">\n<div class=\"wp-block-column is-layout-flow wp-block-column-is-layout-flow\"><div class=\"wp-block-image wp-duotone-midnight\">\n<figure class=\"aligncenter\"><img decoding=\"async\" src=\"\/web\/wp-content\/uploads\/limpiezae.jpg\" alt=\"\"\/><\/figure>\n<\/div>\n\n\n<p><strong><em>LIMPIEZA EDIFICIOS P\u00daBLICOS<\/em><\/strong><\/p>\n\n\n\n<p>Buscando la m\u00e1xima calidad en los resultados.<\/p>\n<\/div>\n\n\n\n<div class=\"wp-block-column is-layout-flow wp-block-column-is-layout-flow\"><div class=\"wp-block-image wp-duotone-midnight\">\n<figure class=\"aligncenter\"><img decoding=\"async\" src=\"\/web\/wp-content\/uploads\/Conserjeria.jpg\" alt=\"\"\/><\/figure>\n<\/div>\n\n\n<p><strong><em>CONSERJES DE EDIFICIOS P\u00daBLICOS<\/em><\/strong><\/p>\n\n\n\n<p>Coordinamos y cuidamos las instalaciones p\u00fablicas para que los visitantes est\u00e9n como en su casa desde el primer momento.<\/p>\n<\/div>\n<\/div>\n\n\n\n<hr class=\"wp-block-separator has-alpha-channel-opacity\"\/>\n\n\n\n<div class=\"wp-block-columns is-layout-flex wp-container-core-columns-is-layout-9d6595d7 wp-block-columns-is-layout-flex\">\n<div class=\"wp-block-column is-layout-flow wp-block-column-is-layout-flow\"><div class=\"wp-block-image wp-duotone-midnight\">\n<figure class=\"aligncenter\"><img decoding=\"async\" src=\"\/web\/wp-content\/uploads\/Parking-ora.jpg\" alt=\"\"\/><\/figure>\n<\/div>\n\n\n<p><strong><em>ZONA AZUL<\/em><\/strong><\/p>\n\n\n\n<p>Durante los veranos prestamos servicios de control O.R.A. en la playa de Canet D\u00b4en Berenguer.<\/p>\n<\/div>\n\n\n\n<div class=\"wp-block-column is-layout-flow wp-block-column-is-layout-flow\"><div class=\"wp-block-image wp-duotone-midnight\">\n<figure class=\"aligncenter\"><img decoding=\"async\" src=\"\/web\/wp-content\/uploads\/Albanileria.jpg\" alt=\"\"\/><\/figure>\n<\/div>\n\n\n<p><strong><em>ALBA\u00d1ILER\u00cdA<\/em><\/strong><\/p>\n\n\n\n<p>Nuestros y nuestras profesionales ofrecen un servicio de calidad, mejorando las infraestructuras en beneficio de todos y todas.<\/p>\n<\/div>\n<\/div>\n\n\n\n<hr class=\"wp-block-separator has-alpha-channel-opacity\"\/>\n\n\n\n<div style=\"height:120px\" aria-hidden=\"true\" class=\"wp-block-spacer\"><\/div>\n\n\n\n<div class=\"wp-block-columns is-layout-flex wp-container-core-columns-is-layout-9d6595d7 wp-block-columns-is-layout-flex\">\n<div class=\"wp-block-column is-layout-flow wp-block-column-is-layout-flow\" style=\"flex-basis:66.66%\">\n<h2 class=\"wp-block-heading\"><em>\u00bfQuieres formar parte de nuestro equipo?<\/em><\/h2>\n\n\n<div style=\"margin-bottom:6px;\" class=\"is-default-size alignleft wp-block-site-logo\"><a href=\"https:\/\/gescanet.es\/web\/\" class=\"custom-logo-link\" rel=\"home\"><img loading=\"lazy\" decoding=\"async\" width=\"219\" height=\"78\" src=\"https:\/\/gescanet.es\/web\/wp-content\/uploads\/logo-1.png\" class=\"custom-logo\" alt=\"Gescanet M.P.\" \/><\/a><\/div>\n\n\n<p class=\"has-text-align-left has-medium-font-size\"><strong><a href=\"https:\/\/gescanet.es\/web\/ofertas-de-empleo\/\" data-type=\"page\" data-id=\"1159\">Ofertas De Empleo<\/a><\/strong><\/p>\n<\/div>\n\n\n\n<div class=\"wp-block-column is-layout-flow wp-block-column-is-layout-flow\" style=\"flex-basis:33.33%\">\n<hr class=\"wp-block-separator has-alpha-channel-opacity\"\/>\n\n\n<div class=\"wp-block-image wp-duotone-grayscale\">\n<figure class=\"aligncenter is-resized\"><img decoding=\"async\" src=\"\/web\/wp-content\/uploads\/fotografo.jpg\" alt=\"\" style=\"aspect-ratio:0.6952695269526953;width:95px;height:auto\"\/><\/figure>\n<\/div>\n\n\n<p>Nuestro compa\u00f1ero Jos\u00e9 Luis Fern\u00e1ndez es el autor de las fotograf\u00edas expuestas en nuestra web oficial.<\/p>\n\n\n\n<hr class=\"wp-block-separator has-alpha-channel-opacity\"\/>\n<\/div>\n<\/div>\n\n\n\n<p><\/p>\n","protected":false},"excerpt":{"rendered":"<p>JARDINER\u00cdA Mantenemos los jardines de Canet D\u00b4en Berenguer, para que disfrutemos de unos hermosos parques y jardines cuidados con esmero por un grupo de profesionales altamente cualificados. LIMPIEZA VIARIA Trabajamos muy duro para ser un referente y que as\u00ed nuestra ciudad siempre est\u00e9 en perfectas condiciones. LIMPIEZA EDIFICIOS P\u00daBLICOS Buscando la m\u00e1xima calidad en los [&hellip;]<\/p>\n","protected":false},"author":1,"featured_media":0,"parent":0,"menu_order":0,"comment_status":"closed","ping_status":"closed","template":"","meta":{"footnotes":""},"class_list":["post-18","page","type-page","status-publish","hentry","post"],"_links":{"self":[{"href":"https:\/\/gescanet.es\/web\/wp-json\/wp\/v2\/pages\/18","targetHints":{"allow":["GET"]}}],"collection":[{"href":"https:\/\/gescanet.es\/web\/wp-json\/wp\/v2\/pages"}],"about":[{"href":"https:\/\/gescanet.es\/web\/wp-json\/wp\/v2\/types\/page"}],"author":[{"embeddable":true,"href":"https:\/\/gescanet.es\/web\/wp-json\/wp\/v2\/users\/1"}],"replies":[{"embeddable":true,"href":"https:\/\/gescanet.es\/web\/wp-json\/wp\/v2\/comments?post=18"}],"version-history":[{"count":68,"href":"https:\/\/gescanet.es\/web\/wp-json\/wp\/v2\/pages\/18\/revisions"}],"predecessor-version":[{"id":1274,"href":"https:\/\/gescanet.es\/web\/wp-json\/wp\/v2\/pages\/18\/revisions\/1274"}],"wp:attachment":[{"href":"https:\/\/gescanet.es\/web\/wp-json\/wp\/v2\/media?parent=18"}],"curies":[{"name":"wp","href":"https:\/\/api.w.org\/{rel}","templated":true}]}}