{"id":91,"date":"2021-04-14T12:11:35","date_gmt":"2021-04-14T11:11:35","guid":{"rendered":"http:\/\/gescanet.es\/web\/?page_id=91"},"modified":"2021-09-16T17:55:28","modified_gmt":"2021-09-16T16:55:28","slug":"ajust-personal-i-social","status":"publish","type":"page","link":"https:\/\/gescanet.es\/web\/ajust-personal-i-social\/","title":{"rendered":"Ajust personal i social"},"content":{"rendered":"<div>\n<p style=\"text-align: justify;\">La Unitat de Suport Personal i Social t\u00e9 com a objectiu afavorir la plena integraci\u00f3 de les persones en la societat en tots els \u00e0mbits: personal, social i laboral.<\/p>\n<p style=\"text-align: justify;\">Proporcionar una oportunitat laboral a qualsevol persona \u00e9s una oportunitat extraordin\u00e0ria per a aconseguir aquest objectiu, per\u00f2 no \u00e9s l&#8217;\u00fanic. Per a aix\u00f2, posem en marxa accions que milloren la qualitat de vida de les persones que treballen amb nosaltres.<\/p>\n<p style=\"text-align: justify;\">Fer costat als nostres treballadors professionalment i personalment, proporcionar-los la formaci\u00f3 que necessiten i mostrar-se sensibles amb les seues necessitats s\u00f3n la nostra prioritat.<\/p>\n<p style=\"text-align: justify;\">Si necessiteu contactar amb nosaltres, soc Cristina Santiago Laserna, t\u00e8cnica de la Unitat de Suport Personal i Social i, el meu correu electr\u00f2nic \u00e9s <a href=\"mailto:canalsocial@gescanet.es\">canalsocial@gescanet.es<\/a>. Tamb\u00e9, podeu trobar-me a les oficines de Gescanet, al carrer del Calvari, 36.<\/p>\n<\/div>\n<hr>\n<div>\n<ul>\n<li><a href=\"#\">Accions realitzades any 2021<\/a><\/li>\n<\/ul>\n<ul>\n<li><a href=\"#\">Inversions en millores adaptabilitat<\/a><\/li>\n<\/ul>\n<\/div>\n<p><!-- {\"type\":\"layout\",\"children\":[{\"type\":\"section\",\"props\":{\"style\":\"default\",\"width\":\"default\",\"vertical_align\":\"middle\",\"title_position\":\"top-left\",\"title_rotation\":\"left\",\"title_breakpoint\":\"xl\",\"image_position\":\"center-center\"},\"children\":[{\"type\":\"row\",\"children\":[{\"type\":\"column\",\"props\":{\"image_position\":\"center-center\",\"media_overlay_gradient\":\"\"},\"children\":[{\"type\":\"text\",\"props\":{\"margin\":\"default\",\"column_breakpoint\":\"m\",\"content\":\"\n\n<p style=\\\"text-align: justify;\\\">La Unitat de Suport Personal i Social t\\u00e9 com a objectiu afavorir la plena integraci\\u00f3 de les persones en la societat en tots els \\u00e0mbits: personal, social i laboral.<\\\/p>\\n\n\n<p style=\\\"text-align: justify;\\\">Proporcionar una oportunitat laboral a qualsevol persona \\u00e9s una oportunitat extraordin\\u00e0ria per a aconseguir aquest objectiu, per\\u00f2 no \\u00e9s l'\\u00fanic. Per a aix\\u00f2, posem en marxa accions que milloren la qualitat de vida de les persones que treballen amb nosaltres.<\\\/p>\\n\n\n<p style=\\\"text-align: justify;\\\">Fer costat als nostres treballadors professionalment i personalment, proporcionar-los la formaci\\u00f3 que necessiten i mostrar-se sensibles amb les seues necessitats s\\u00f3n la nostra prioritat.<\\\/p>\\n\n\n<p style=\\\"text-align: justify;\\\">Si necessiteu contactar amb nosaltres, soc Cristina Santiago Laserna, t\\u00e8cnica de la Unitat de Suport Personal i Social i, el meu correu electr\\u00f2nic \\u00e9s <a href=\\\"mailto:canalsocial@gescanet.es\\\">canalsocial@gescanet.es<\\\/a>. Tamb\\u00e9, podeu trobar-me a les oficines de Gescanet, al carrer del Calvari, 36.<\\\/p>\"}},{\"type\":\"divider\",\"props\":{\"divider_element\":\"hr\",\"divider_style\":\"icon\"}},{\"type\":\"text\",\"props\":{\"margin\":\"default\",\"column_breakpoint\":\"m\",\"content\":\"\n\n<ul>\\n\n\n<li><a href=\\\"#\\\">Accions realitzades any 2021<\\\/a><\\\/li>\\n<\\\/ul>\\n\n\n<ul>\\n\n\n<li><a href=\\\"#\\\">Inversions en millores adaptabilitat<\\\/a><\\\/li>\\n<\\\/ul>\"}}]}]}]}],\"version\":\"2.3.32\"} --><\/p>\n","protected":false},"excerpt":{"rendered":"<p>La Unitat de Suport Personal i Social t\u00e9 com a objectiu afavorir la plena integraci\u00f3 de les persones en la societat en tots els \u00e0mbits: personal, social i laboral. Proporcionar una oportunitat laboral a qualsevol persona \u00e9s una oportunitat extraordin\u00e0ria per a aconseguir aquest objectiu, per\u00f2 no \u00e9s l&#8217;\u00fanic. Per a aix\u00f2, posem en marxa [&hellip;]<\/p>\n","protected":false},"author":1,"featured_media":0,"parent":0,"menu_order":0,"comment_status":"closed","ping_status":"closed","template":"","meta":{"footnotes":""},"class_list":["post-91","page","type-page","status-publish","hentry","post"],"_links":{"self":[{"href":"https:\/\/gescanet.es\/web\/wp-json\/wp\/v2\/pages\/91","targetHints":{"allow":["GET"]}}],"collection":[{"href":"https:\/\/gescanet.es\/web\/wp-json\/wp\/v2\/pages"}],"about":[{"href":"https:\/\/gescanet.es\/web\/wp-json\/wp\/v2\/types\/page"}],"author":[{"embeddable":true,"href":"https:\/\/gescanet.es\/web\/wp-json\/wp\/v2\/users\/1"}],"replies":[{"embeddable":true,"href":"https:\/\/gescanet.es\/web\/wp-json\/wp\/v2\/comments?post=91"}],"version-history":[{"count":16,"href":"https:\/\/gescanet.es\/web\/wp-json\/wp\/v2\/pages\/91\/revisions"}],"predecessor-version":[{"id":690,"href":"https:\/\/gescanet.es\/web\/wp-json\/wp\/v2\/pages\/91\/revisions\/690"}],"wp:attachment":[{"href":"https:\/\/gescanet.es\/web\/wp-json\/wp\/v2\/media?parent=91"}],"curies":[{"name":"wp","href":"https:\/\/api.w.org\/{rel}","templated":true}]}}